{"id":2680,"date":"2019-08-05T22:40:28","date_gmt":"2019-08-05T20:40:28","guid":{"rendered":"http:\/\/dev.cameratavocale.de\/wordpress\/?page_id=2680"},"modified":"2025-12-31T12:42:02","modified_gmt":"2025-12-31T11:42:02","slug":"foerderer-werden","status":"publish","type":"page","link":"https:\/\/www.cameratavocale.de\/wordpress\/foerderer-werden\/","title":{"rendered":"F\u00f6rderer werden"},"content":{"rendered":"\n<p>Ihnen hat unser Konzert gefallen und Sie m\u00f6chten unsere Chorarbeit unterst\u00fctzen?<\/p>\n\n\n\n<p>Werden Sie doch f\u00f6rderndes Mitglied unseres Vereins! F\u00fcr j\u00e4hrlich 33 \u20ac erhalten Sie neben Einblicken in unsere Vereinsarbeit auch allzeit erm\u00e4\u00dfigten Eintritt zu unseren Konzerten.<\/p>\n\n\n\n<p>Wir freuen uns \u00fcber Ihre Spende zur Unterst\u00fctzung unserer Chorarbeit. Bitte geben Sie bei der \u00dcberweisung Ihre Adresse im Verwendungszweck an, Sie erhalten dann eine Spendenquittung.<\/p>\n\n\n\n<p>Sparkasse Schwaben-Bodensee DE81 7315 0000 0240 4232 10<\/p>\n\n\n\n<p>Sie m\u00f6chten uns mit Ihrer Stimme unterst\u00fctzen? Werden Sie aktives Mitglied in unserem Projektchor und gestalten Sie mit uns spannende neue Konzertprogramme. Auch aktive Mitglieder erhalten \u2013 sofern sie beim laufenden Projekt nicht dabei sind \u2013 erm\u00e4\u00dfigten Eintritt zu den Konzerten.&nbsp;<\/p>\n","protected":false},"excerpt":{"rendered":"<p>Ihnen hat unser Konzert gefallen und Sie m\u00f6chten unsere Chorarbeit unterst\u00fctzen? Werden Sie doch f\u00f6rderndes Mitglied unseres Vereins! F\u00fcr j\u00e4hrlich 33 \u20ac erhalten Sie neben Einblicken in unsere Vereinsarbeit auch allzeit erm\u00e4\u00dfigten Eintritt zu unseren Konzerten. Wir freuen uns \u00fcber Ihre Spende zur Unterst\u00fctzung unserer Chorarbeit. Bitte geben Sie bei der \u00dcberweisung Ihre Adresse im [&hellip;]<\/p>\n","protected":false},"author":4,"featured_media":2691,"parent":0,"menu_order":0,"comment_status":"closed","ping_status":"closed","template":"","meta":{"ngg_post_thumbnail":0},"yoast_head":"<!-- This site is optimized with the Yoast SEO plugin v15.4 - https:\/\/yoast.com\/wordpress\/plugins\/seo\/ -->\n<title>F\u00f6rderer werden - camerata vocale<\/title>\n<meta name=\"robots\" content=\"index, follow, max-snippet:-1, max-image-preview:large, max-video-preview:-1\" \/>\n<link rel=\"canonical\" href=\"https:\/\/www.cameratavocale.de\/wordpress\/foerderer-werden\/\" \/>\n<meta property=\"og:locale\" content=\"de_DE\" \/>\n<meta property=\"og:type\" content=\"article\" \/>\n<meta property=\"og:title\" content=\"F\u00f6rderer werden - camerata vocale\" \/>\n<meta property=\"og:description\" content=\"Ihnen hat unser Konzert gefallen und Sie m\u00f6chten unsere Chorarbeit unterst\u00fctzen? Werden Sie doch f\u00f6rderndes Mitglied unseres Vereins! F\u00fcr j\u00e4hrlich 33 \u20ac erhalten Sie neben Einblicken in unsere Vereinsarbeit auch allzeit erm\u00e4\u00dfigten Eintritt zu unseren Konzerten. Wir freuen uns \u00fcber Ihre Spende zur Unterst\u00fctzung unserer Chorarbeit. Bitte geben Sie bei der \u00dcberweisung Ihre Adresse im [&hellip;]\" \/>\n<meta property=\"og:url\" content=\"https:\/\/www.cameratavocale.de\/wordpress\/foerderer-werden\/\" \/>\n<meta property=\"og:site_name\" content=\"camerata vocale\" \/>\n<meta property=\"article:modified_time\" content=\"2025-12-31T11:42:02+00:00\" \/>\n<meta property=\"og:image\" content=\"https:\/\/www.cameratavocale.de\/wordpress\/wp-content\/uploads\/2019\/08\/IMG_2197.jpg\" \/>\n\t<meta property=\"og:image:width\" content=\"711\" \/>\n\t<meta property=\"og:image:height\" content=\"1067\" \/>\n<meta name=\"twitter:card\" content=\"summary_large_image\" \/>\n<meta name=\"twitter:label1\" content=\"Verfasst von\">\n\t<meta name=\"twitter:data1\" content=\"susanne\">\n\t<meta name=\"twitter:label2\" content=\"Gesch\u00e4tzte Lesezeit\">\n\t<meta name=\"twitter:data2\" content=\"0 Minuten\">\n<script type=\"application\/ld+json\" class=\"yoast-schema-graph\">{\"@context\":\"https:\/\/schema.org\",\"@graph\":[{\"@type\":\"Organization\",\"@id\":\"https:\/\/www.cameratavocale.de\/wordpress\/#organization\",\"name\":\"camerata vocale e.V.\",\"url\":\"https:\/\/www.cameratavocale.de\/wordpress\/\",\"sameAs\":[],\"logo\":{\"@type\":\"ImageObject\",\"@id\":\"https:\/\/www.cameratavocale.de\/wordpress\/#logo\",\"inLanguage\":\"de-DE\",\"url\":\"https:\/\/www.cameratavocale.de\/wordpress\/wp-content\/uploads\/2019\/08\/Logo_neu_anja2-1.png\",\"width\":1000,\"height\":304,\"caption\":\"camerata vocale e.V.\"},\"image\":{\"@id\":\"https:\/\/www.cameratavocale.de\/wordpress\/#logo\"}},{\"@type\":\"WebSite\",\"@id\":\"https:\/\/www.cameratavocale.de\/wordpress\/#website\",\"url\":\"https:\/\/www.cameratavocale.de\/wordpress\/\",\"name\":\"camerata vocale\",\"description\":\"Geistliche und weltliche Werke der Chorliteratur\",\"publisher\":{\"@id\":\"https:\/\/www.cameratavocale.de\/wordpress\/#organization\"},\"potentialAction\":[{\"@type\":\"SearchAction\",\"target\":\"https:\/\/www.cameratavocale.de\/wordpress\/?s={search_term_string}\",\"query-input\":\"required name=search_term_string\"}],\"inLanguage\":\"de-DE\"},{\"@type\":\"ImageObject\",\"@id\":\"https:\/\/www.cameratavocale.de\/wordpress\/foerderer-werden\/#primaryimage\",\"inLanguage\":\"de-DE\",\"url\":\"https:\/\/www.cameratavocale.de\/wordpress\/wp-content\/uploads\/2019\/08\/IMG_2197.jpg\",\"width\":711,\"height\":1067},{\"@type\":\"WebPage\",\"@id\":\"https:\/\/www.cameratavocale.de\/wordpress\/foerderer-werden\/#webpage\",\"url\":\"https:\/\/www.cameratavocale.de\/wordpress\/foerderer-werden\/\",\"name\":\"F\\u00f6rderer werden - camerata vocale\",\"isPartOf\":{\"@id\":\"https:\/\/www.cameratavocale.de\/wordpress\/#website\"},\"primaryImageOfPage\":{\"@id\":\"https:\/\/www.cameratavocale.de\/wordpress\/foerderer-werden\/#primaryimage\"},\"datePublished\":\"2019-08-05T20:40:28+00:00\",\"dateModified\":\"2025-12-31T11:42:02+00:00\",\"inLanguage\":\"de-DE\",\"potentialAction\":[{\"@type\":\"ReadAction\",\"target\":[\"https:\/\/www.cameratavocale.de\/wordpress\/foerderer-werden\/\"]}]}]}<\/script>\n<!-- \/ Yoast SEO plugin. -->","_links":{"self":[{"href":"https:\/\/www.cameratavocale.de\/wordpress\/wp-json\/wp\/v2\/pages\/2680"}],"collection":[{"href":"https:\/\/www.cameratavocale.de\/wordpress\/wp-json\/wp\/v2\/pages"}],"about":[{"href":"https:\/\/www.cameratavocale.de\/wordpress\/wp-json\/wp\/v2\/types\/page"}],"author":[{"embeddable":true,"href":"https:\/\/www.cameratavocale.de\/wordpress\/wp-json\/wp\/v2\/users\/4"}],"replies":[{"embeddable":true,"href":"https:\/\/www.cameratavocale.de\/wordpress\/wp-json\/wp\/v2\/comments?post=2680"}],"version-history":[{"count":4,"href":"https:\/\/www.cameratavocale.de\/wordpress\/wp-json\/wp\/v2\/pages\/2680\/revisions"}],"predecessor-version":[{"id":3223,"href":"https:\/\/www.cameratavocale.de\/wordpress\/wp-json\/wp\/v2\/pages\/2680\/revisions\/3223"}],"wp:featuredmedia":[{"embeddable":true,"href":"https:\/\/www.cameratavocale.de\/wordpress\/wp-json\/wp\/v2\/media\/2691"}],"wp:attachment":[{"href":"https:\/\/www.cameratavocale.de\/wordpress\/wp-json\/wp\/v2\/media?parent=2680"}],"curies":[{"name":"wp","href":"https:\/\/api.w.org\/{rel}","templated":true}]}}