{"id":2594,"date":"2019-08-01T21:23:45","date_gmt":"2019-08-01T19:23:45","guid":{"rendered":"http:\/\/dev.cameratavocale.de\/wordpress\/?page_id=2594"},"modified":"2022-03-31T23:13:13","modified_gmt":"2022-03-31T21:13:13","slug":"konzerte","status":"publish","type":"page","link":"https:\/\/www.cameratavocale.de\/wordpress\/konzerte\/","title":{"rendered":"Konzerte"},"content":{"rendered":"\n<ul class='eme_events_list'><h2>9. Mai 2026 - 19:00 Uhr<\/h2><p><a href='https:\/\/www.cameratavocale.de\/wordpress\/events\/stars-sterne\/' title='Stars - Zwischen Himmel und Erde'>Stars &#8211; Zwischen Himmel und Erde<\/a> in Binswangen<\/p><p><p>&#8222;Stars &#8211; zwischen Himmel und Erde&#8220; Samstag, 9. Mai 2026, 19.00 Uhr Synagoge Binswangen camerata vocale e.V. aus G\u00fcnzburg Leitung: J\u00fcrgen Rettenmaier Eintritt: 15 \u20ac regul\u00e4r \/ 10 \u20ac erm\u00e4\u00dfigt (Sch\u00fcler, Studierende, Auszubildende, Schwerbehinderte) Kartenvorverkauf: online-Tickets sind hier erh\u00e4ltlich\u00a0oder ab 1h Stunde vor Konzertbeginn an der Abendkasse Der Chor camerata vocale l\u00e4dt in diesem Jahr&hellip;<\/p>\n<\/p><h2>10. Mai 2026 - 15:00 Uhr<\/h2><p><a href='https:\/\/www.cameratavocale.de\/wordpress\/events\/stars-sterne-2\/' title='Stars - Zwischen Himmel und Erde'>Stars &#8211; Zwischen Himmel und Erde<\/a> in Wettenhausen<\/p><p><p>Stars &#8211; Zwischen Himmel und Erde Muttertagskonzert im Kaisersaal des Kloster Sonntag, 10. Mai 2026, 15 Uhr online-Tickets zu 15\u20ac \/ 10\u20ac erm\u00e4\u00dfigt (Sch\u00fcler, Studierende, Auszubildende, Schwerbehinderte)\u00a0sind hier erh\u00e4ltlich oder ab 1h vor Konzertbeginn an der Tageskasse camerata vocale e.V. aus G\u00fcnzburg Leitung: J\u00fcrgen Rettenmaier Der Chor camerata vocale l\u00e4dt in diesem Jahr wieder im&hellip;<\/p>\n<\/p><hr>\n","protected":false},"excerpt":{"rendered":"","protected":false},"author":4,"featured_media":2568,"parent":0,"menu_order":0,"comment_status":"closed","ping_status":"closed","template":"","meta":{"ngg_post_thumbnail":0},"yoast_head":"<!-- This site is optimized with the Yoast SEO plugin v15.4 - https:\/\/yoast.com\/wordpress\/plugins\/seo\/ -->\n<title>Konzerte - camerata vocale<\/title>\n<meta name=\"robots\" content=\"index, follow, max-snippet:-1, max-image-preview:large, max-video-preview:-1\" \/>\n<link rel=\"canonical\" href=\"https:\/\/www.cameratavocale.de\/wordpress\/konzerte\/\" \/>\n<meta property=\"og:locale\" content=\"de_DE\" \/>\n<meta property=\"og:type\" content=\"article\" \/>\n<meta property=\"og:title\" content=\"Konzerte - camerata vocale\" \/>\n<meta property=\"og:url\" content=\"https:\/\/www.cameratavocale.de\/wordpress\/konzerte\/\" \/>\n<meta property=\"og:site_name\" content=\"camerata vocale\" \/>\n<meta property=\"article:modified_time\" content=\"2022-03-31T21:13:13+00:00\" \/>\n<meta property=\"og:image\" content=\"https:\/\/www.cameratavocale.de\/wordpress\/wp-content\/uploads\/2019\/07\/IMG_2292-Pano.jpg\" \/>\n\t<meta property=\"og:image:width\" content=\"1600\" \/>\n\t<meta property=\"og:image:height\" content=\"561\" \/>\n<meta name=\"twitter:card\" content=\"summary_large_image\" \/>\n<meta name=\"twitter:label1\" content=\"Verfasst von\">\n\t<meta name=\"twitter:data1\" content=\"susanne\">\n\t<meta name=\"twitter:label2\" content=\"Gesch\u00e4tzte Lesezeit\">\n\t<meta name=\"twitter:data2\" content=\"0 Minuten\">\n<script type=\"application\/ld+json\" class=\"yoast-schema-graph\">{\"@context\":\"https:\/\/schema.org\",\"@graph\":[{\"@type\":\"Organization\",\"@id\":\"https:\/\/www.cameratavocale.de\/wordpress\/#organization\",\"name\":\"camerata vocale e.V.\",\"url\":\"https:\/\/www.cameratavocale.de\/wordpress\/\",\"sameAs\":[],\"logo\":{\"@type\":\"ImageObject\",\"@id\":\"https:\/\/www.cameratavocale.de\/wordpress\/#logo\",\"inLanguage\":\"de-DE\",\"url\":\"https:\/\/www.cameratavocale.de\/wordpress\/wp-content\/uploads\/2019\/08\/Logo_neu_anja2-1.png\",\"width\":1000,\"height\":304,\"caption\":\"camerata vocale e.V.\"},\"image\":{\"@id\":\"https:\/\/www.cameratavocale.de\/wordpress\/#logo\"}},{\"@type\":\"WebSite\",\"@id\":\"https:\/\/www.cameratavocale.de\/wordpress\/#website\",\"url\":\"https:\/\/www.cameratavocale.de\/wordpress\/\",\"name\":\"camerata vocale\",\"description\":\"Geistliche und weltliche Werke der Chorliteratur\",\"publisher\":{\"@id\":\"https:\/\/www.cameratavocale.de\/wordpress\/#organization\"},\"potentialAction\":[{\"@type\":\"SearchAction\",\"target\":\"https:\/\/www.cameratavocale.de\/wordpress\/?s={search_term_string}\",\"query-input\":\"required name=search_term_string\"}],\"inLanguage\":\"de-DE\"},{\"@type\":\"ImageObject\",\"@id\":\"https:\/\/www.cameratavocale.de\/wordpress\/konzerte\/#primaryimage\",\"inLanguage\":\"de-DE\",\"url\":\"https:\/\/www.cameratavocale.de\/wordpress\/wp-content\/uploads\/2019\/07\/IMG_2292-Pano.jpg\",\"width\":1600,\"height\":561},{\"@type\":\"WebPage\",\"@id\":\"https:\/\/www.cameratavocale.de\/wordpress\/konzerte\/#webpage\",\"url\":\"https:\/\/www.cameratavocale.de\/wordpress\/konzerte\/\",\"name\":\"Konzerte - camerata vocale\",\"isPartOf\":{\"@id\":\"https:\/\/www.cameratavocale.de\/wordpress\/#website\"},\"primaryImageOfPage\":{\"@id\":\"https:\/\/www.cameratavocale.de\/wordpress\/konzerte\/#primaryimage\"},\"datePublished\":\"2019-08-01T19:23:45+00:00\",\"dateModified\":\"2022-03-31T21:13:13+00:00\",\"inLanguage\":\"de-DE\",\"potentialAction\":[{\"@type\":\"ReadAction\",\"target\":[\"https:\/\/www.cameratavocale.de\/wordpress\/konzerte\/\"]}]}]}<\/script>\n<!-- \/ Yoast SEO plugin. -->","_links":{"self":[{"href":"https:\/\/www.cameratavocale.de\/wordpress\/wp-json\/wp\/v2\/pages\/2594"}],"collection":[{"href":"https:\/\/www.cameratavocale.de\/wordpress\/wp-json\/wp\/v2\/pages"}],"about":[{"href":"https:\/\/www.cameratavocale.de\/wordpress\/wp-json\/wp\/v2\/types\/page"}],"author":[{"embeddable":true,"href":"https:\/\/www.cameratavocale.de\/wordpress\/wp-json\/wp\/v2\/users\/4"}],"replies":[{"embeddable":true,"href":"https:\/\/www.cameratavocale.de\/wordpress\/wp-json\/wp\/v2\/comments?post=2594"}],"version-history":[{"count":2,"href":"https:\/\/www.cameratavocale.de\/wordpress\/wp-json\/wp\/v2\/pages\/2594\/revisions"}],"predecessor-version":[{"id":2597,"href":"https:\/\/www.cameratavocale.de\/wordpress\/wp-json\/wp\/v2\/pages\/2594\/revisions\/2597"}],"wp:featuredmedia":[{"embeddable":true,"href":"https:\/\/www.cameratavocale.de\/wordpress\/wp-json\/wp\/v2\/media\/2568"}],"wp:attachment":[{"href":"https:\/\/www.cameratavocale.de\/wordpress\/wp-json\/wp\/v2\/media?parent=2594"}],"curies":[{"name":"wp","href":"https:\/\/api.w.org\/{rel}","templated":true}]}}