{"id":2209,"date":"2016-04-30T16:44:48","date_gmt":"2016-04-30T14:44:48","guid":{"rendered":"http:\/\/www.cameratavocale.de\/wordpress\/?page_id=2209"},"modified":"2025-04-21T00:29:57","modified_gmt":"2025-04-20T22:29:57","slug":"mitgliedschaft","status":"publish","type":"page","link":"https:\/\/www.cameratavocale.de\/wordpress\/kontakt\/mitgliedschaft\/","title":{"rendered":"Mitsingen"},"content":{"rendered":"<p style=\"font-weight: 400;\">Sie m\u00f6chten uns mit Ihrer Stimme unterst\u00fctzen? Werden Sie aktives Mitglied in unserem Projektchor und gestalten Sie mit uns spannende neue Konzertprogramme. Auch aktive Mitglieder erhalten \u2013 sofern sie beim laufenden Projekt nicht dabei sind \u2013 erm\u00e4\u00dfigten Eintritt zu den Konzerten.&nbsp;<\/p>\n<p style=\"font-weight: 400;\">Wir suchen junge und junggebliebene erfahrene S\u00e4ngerinnen und S\u00e4nger aller Stimmlagen und Altersgruppen, die Spa\u00df an der Musik mitbringen und bereit sind, zu experimentieren und die gewohnten Wege der Chormusik auch einmal zu verlassen.<\/p>\n<p style=\"font-weight: 400;\">Eine projektweise Teilnahme ist m\u00f6glich, da die Proben im Kloster Wettenhausen an jeweils zwei Wochenenden mit einem anschlie\u00dfenden Konzertwochenende stattfinden. Melden Sie sich bei unserem Chorleiter J\u00fcrgen Rettenmaier unter <a href=\"mailto:rettenmaier@freenet.de\">rettenmaier@freenet.de<\/a>&nbsp;oder bei unserer Vorsitzenden Ruth Schweizer unter&nbsp;<a href=\"mailto:info@cameratavocale.de\">info@cameratavocale.de<\/a> und kommen Sie nach Wettenhausen zur Probe!<\/p>\n<p>Probenzeiten (an \u00fcblicherweise insgesamt 4-6 Probenwochenende pro Jahr) jeweils:<\/p>\n<p>Freitag: 18-22 Uhr, Samstag: 9-13 Uhr, 15-20 Uhr (mit Pausen), Sonntag: 9-13 Uhr (mit Pause) &#8211; informieren Sie sich gerne vorab per Mail, falls es \u00c4nderungen geben sollte, auch bzgl. Raum.<\/p>\n<p>Wir freuen uns immer \u00fcber neue S\u00e4ngerinnen und S\u00e4nger aller Stimmgruppen.<\/p>\n<p><a href=\"https:\/\/www.cameratavocale.de\/wordpress\/kontakt\/mitgliedschaft\/img_5879\/\" rel=\"attachment wp-att-2709\"><img loading=\"lazy\" class=\"aligncenter size-full wp-image-2709\" src=\"http:\/\/www.cameratavocale.de\/wordpress\/wp-content\/uploads\/2019\/08\/IMG_5879.jpg\" alt=\"\" width=\"1983\" height=\"1322\"><\/a><\/p>\n\n\n<p><\/p>\n","protected":false},"excerpt":{"rendered":"<p>Sie m\u00f6chten uns mit Ihrer Stimme unterst\u00fctzen? Werden Sie aktives Mitglied in unserem Projektchor und gestalten Sie mit uns spannende neue Konzertprogramme. Auch aktive Mitglieder erhalten \u2013 sofern sie beim laufenden Projekt nicht dabei sind \u2013 erm\u00e4\u00dfigten Eintritt zu den Konzerten.&nbsp; Wir suchen junge und junggebliebene erfahrene S\u00e4ngerinnen und S\u00e4nger aller Stimmlagen und Altersgruppen, die [&hellip;]<\/p>\n","protected":false},"author":4,"featured_media":2696,"parent":13,"menu_order":0,"comment_status":"closed","ping_status":"closed","template":"","meta":{"ngg_post_thumbnail":0},"yoast_head":"<!-- This site is optimized with the Yoast SEO plugin v15.4 - https:\/\/yoast.com\/wordpress\/plugins\/seo\/ -->\n<title>Mitsingen - camerata vocale<\/title>\n<meta name=\"robots\" content=\"index, follow, max-snippet:-1, max-image-preview:large, max-video-preview:-1\" \/>\n<link rel=\"canonical\" href=\"https:\/\/www.cameratavocale.de\/wordpress\/kontakt\/mitgliedschaft\/\" \/>\n<meta property=\"og:locale\" content=\"de_DE\" \/>\n<meta property=\"og:type\" content=\"article\" \/>\n<meta property=\"og:title\" content=\"Mitsingen - camerata vocale\" \/>\n<meta property=\"og:description\" content=\"Sie m\u00f6chten uns mit Ihrer Stimme unterst\u00fctzen? Werden Sie aktives Mitglied in unserem Projektchor und gestalten Sie mit uns spannende neue Konzertprogramme. Auch aktive Mitglieder erhalten \u2013 sofern sie beim laufenden Projekt nicht dabei sind \u2013 erm\u00e4\u00dfigten Eintritt zu den Konzerten.&nbsp; Wir suchen junge und junggebliebene erfahrene S\u00e4ngerinnen und S\u00e4nger aller Stimmlagen und Altersgruppen, die [&hellip;]\" \/>\n<meta property=\"og:url\" content=\"https:\/\/www.cameratavocale.de\/wordpress\/kontakt\/mitgliedschaft\/\" \/>\n<meta property=\"og:site_name\" content=\"camerata vocale\" \/>\n<meta property=\"article:modified_time\" content=\"2025-04-20T22:29:57+00:00\" \/>\n<meta property=\"og:image\" content=\"https:\/\/www.cameratavocale.de\/wordpress\/wp-content\/uploads\/2019\/08\/IMG_2305.jpg\" \/>\n\t<meta property=\"og:image:width\" content=\"1600\" \/>\n\t<meta property=\"og:image:height\" content=\"1067\" \/>\n<meta name=\"twitter:card\" content=\"summary_large_image\" \/>\n<meta name=\"twitter:label1\" content=\"Verfasst von\">\n\t<meta name=\"twitter:data1\" content=\"susanne\">\n\t<meta name=\"twitter:label2\" content=\"Gesch\u00e4tzte Lesezeit\">\n\t<meta name=\"twitter:data2\" content=\"1 Minute\">\n<script type=\"application\/ld+json\" class=\"yoast-schema-graph\">{\"@context\":\"https:\/\/schema.org\",\"@graph\":[{\"@type\":\"Organization\",\"@id\":\"https:\/\/www.cameratavocale.de\/wordpress\/#organization\",\"name\":\"camerata vocale e.V.\",\"url\":\"https:\/\/www.cameratavocale.de\/wordpress\/\",\"sameAs\":[],\"logo\":{\"@type\":\"ImageObject\",\"@id\":\"https:\/\/www.cameratavocale.de\/wordpress\/#logo\",\"inLanguage\":\"de-DE\",\"url\":\"https:\/\/www.cameratavocale.de\/wordpress\/wp-content\/uploads\/2019\/08\/Logo_neu_anja2-1.png\",\"width\":1000,\"height\":304,\"caption\":\"camerata vocale e.V.\"},\"image\":{\"@id\":\"https:\/\/www.cameratavocale.de\/wordpress\/#logo\"}},{\"@type\":\"WebSite\",\"@id\":\"https:\/\/www.cameratavocale.de\/wordpress\/#website\",\"url\":\"https:\/\/www.cameratavocale.de\/wordpress\/\",\"name\":\"camerata vocale\",\"description\":\"Geistliche und weltliche Werke der Chorliteratur\",\"publisher\":{\"@id\":\"https:\/\/www.cameratavocale.de\/wordpress\/#organization\"},\"potentialAction\":[{\"@type\":\"SearchAction\",\"target\":\"https:\/\/www.cameratavocale.de\/wordpress\/?s={search_term_string}\",\"query-input\":\"required name=search_term_string\"}],\"inLanguage\":\"de-DE\"},{\"@type\":\"ImageObject\",\"@id\":\"https:\/\/www.cameratavocale.de\/wordpress\/kontakt\/mitgliedschaft\/#primaryimage\",\"inLanguage\":\"de-DE\",\"url\":\"https:\/\/www.cameratavocale.de\/wordpress\/wp-content\/uploads\/2019\/08\/IMG_2305.jpg\",\"width\":1600,\"height\":1067},{\"@type\":\"WebPage\",\"@id\":\"https:\/\/www.cameratavocale.de\/wordpress\/kontakt\/mitgliedschaft\/#webpage\",\"url\":\"https:\/\/www.cameratavocale.de\/wordpress\/kontakt\/mitgliedschaft\/\",\"name\":\"Mitsingen - camerata vocale\",\"isPartOf\":{\"@id\":\"https:\/\/www.cameratavocale.de\/wordpress\/#website\"},\"primaryImageOfPage\":{\"@id\":\"https:\/\/www.cameratavocale.de\/wordpress\/kontakt\/mitgliedschaft\/#primaryimage\"},\"datePublished\":\"2016-04-30T14:44:48+00:00\",\"dateModified\":\"2025-04-20T22:29:57+00:00\",\"inLanguage\":\"de-DE\",\"potentialAction\":[{\"@type\":\"ReadAction\",\"target\":[\"https:\/\/www.cameratavocale.de\/wordpress\/kontakt\/mitgliedschaft\/\"]}]}]}<\/script>\n<!-- \/ Yoast SEO plugin. -->","_links":{"self":[{"href":"https:\/\/www.cameratavocale.de\/wordpress\/wp-json\/wp\/v2\/pages\/2209"}],"collection":[{"href":"https:\/\/www.cameratavocale.de\/wordpress\/wp-json\/wp\/v2\/pages"}],"about":[{"href":"https:\/\/www.cameratavocale.de\/wordpress\/wp-json\/wp\/v2\/types\/page"}],"author":[{"embeddable":true,"href":"https:\/\/www.cameratavocale.de\/wordpress\/wp-json\/wp\/v2\/users\/4"}],"replies":[{"embeddable":true,"href":"https:\/\/www.cameratavocale.de\/wordpress\/wp-json\/wp\/v2\/comments?post=2209"}],"version-history":[{"count":11,"href":"https:\/\/www.cameratavocale.de\/wordpress\/wp-json\/wp\/v2\/pages\/2209\/revisions"}],"predecessor-version":[{"id":3183,"href":"https:\/\/www.cameratavocale.de\/wordpress\/wp-json\/wp\/v2\/pages\/2209\/revisions\/3183"}],"up":[{"embeddable":true,"href":"https:\/\/www.cameratavocale.de\/wordpress\/wp-json\/wp\/v2\/pages\/13"}],"wp:featuredmedia":[{"embeddable":true,"href":"https:\/\/www.cameratavocale.de\/wordpress\/wp-json\/wp\/v2\/media\/2696"}],"wp:attachment":[{"href":"https:\/\/www.cameratavocale.de\/wordpress\/wp-json\/wp\/v2\/media?parent=2209"}],"curies":[{"name":"wp","href":"https:\/\/api.w.org\/{rel}","templated":true}]}}