{"id":13,"date":"2011-03-06T23:31:40","date_gmt":"2011-03-06T22:31:40","guid":{"rendered":"http:\/\/church.netstudio.co.za\/?page_id=13"},"modified":"2025-06-24T22:06:10","modified_gmt":"2025-06-24T20:06:10","slug":"kontakt","status":"publish","type":"page","link":"https:\/\/www.cameratavocale.de\/wordpress\/kontakt\/","title":{"rendered":"Kontakt"},"content":{"rendered":"<h2>Sie wollen selbst mitsingen oder f\u00f6rderndes Mitglied werden? Sie m\u00f6chten Karten f\u00fcr eines unserer Konzerte oder Kontakt mit unserem Chorleiter bzw. unserem Vorstand aufnehmen?<\/h2>\n<p>Unsere Vorsitzende Ruth Schweizer erteilt Ihnen gerne Auskunft:<\/p>\n<p>Ruth Schweizer<br \/>\nHolzfelderweg 22<br \/>\n84489 Burghausen<br \/>\neMail: info&#8220;at&#8220;cameratavocale.de<\/p>\n<p>Um sich f\u00fcr unseren Newsletter mit aktuellen Konzertank\u00fcndigungen anzumelden, schicken Sie bitte eine eMail an<br \/>\nnewsletter&#8220;at&#8220;cameratavocale.de<\/p>\n<p>Kartenvorverkauf f\u00fcr Konzerte im Kaisersaal in Wettenhausen \u00fcber www.klosterwettenhausen.de\/tickets<\/p>\n<p>Als f\u00f6rderndes Mitglied der camerata vocale e.V. erhalten Sie die Konzertkarten jeweils zum erm\u00e4\u00dfigten Preis.<\/p>\n<p>Sie k\u00f6nnen auch gerne mit unserem Chorleiter Kontakt aufnehmen und sich \u00fcber kommende Projekte informieren.<br \/>\nWir freuen uns jederzeit \u00fcber neue S\u00e4ngerinnen und S\u00e4nger aller Stimmgruppen, die Lust auf das intensive Erleben und Erarbeiten von anspruchsvoller und ansprechender Chormusik haben.<\/p>\n<p>J\u00fcrgen Rettenmaier<br \/>\nHornsteinstr. 4<br \/>\n86156 Augsburg<br \/>\nTel.: +49 \/ (0) 821-441251<br \/>\neMail: <a href=\"mailto:rettenmaier@freenet.de\">rettenmaier&#8220;at&#8220;freenet.de<\/a><\/p>\n","protected":false},"excerpt":{"rendered":"<p>Sie wollen selbst mitsingen oder f\u00f6rderndes Mitglied werden? Sie m\u00f6chten Karten f\u00fcr eines unserer Konzerte oder Kontakt mit unserem Chorleiter bzw. unserem Vorstand aufnehmen? Unsere Vorsitzende Ruth Schweizer erteilt Ihnen gerne Auskunft: Ruth Schweizer Holzfelderweg 22 84489 Burghausen eMail: info&#8220;at&#8220;cameratavocale.de Um sich f\u00fcr unseren Newsletter mit aktuellen Konzertank\u00fcndigungen anzumelden, schicken Sie bitte eine eMail an [&hellip;]<\/p>\n","protected":false},"author":1,"featured_media":2700,"parent":0,"menu_order":0,"comment_status":"closed","ping_status":"closed","template":"","meta":{"ngg_post_thumbnail":0},"yoast_head":"<!-- This site is optimized with the Yoast SEO plugin v15.4 - https:\/\/yoast.com\/wordpress\/plugins\/seo\/ -->\n<title>Kontakt - camerata vocale<\/title>\n<meta name=\"robots\" content=\"index, follow, max-snippet:-1, max-image-preview:large, max-video-preview:-1\" \/>\n<link rel=\"canonical\" href=\"https:\/\/www.cameratavocale.de\/wordpress\/kontakt\/\" \/>\n<meta property=\"og:locale\" content=\"de_DE\" \/>\n<meta property=\"og:type\" content=\"article\" \/>\n<meta property=\"og:title\" content=\"Kontakt - camerata vocale\" \/>\n<meta property=\"og:description\" content=\"Sie wollen selbst mitsingen oder f\u00f6rderndes Mitglied werden? Sie m\u00f6chten Karten f\u00fcr eines unserer Konzerte oder Kontakt mit unserem Chorleiter bzw. unserem Vorstand aufnehmen? Unsere Vorsitzende Ruth Schweizer erteilt Ihnen gerne Auskunft: Ruth Schweizer Holzfelderweg 22 84489 Burghausen eMail: info&#8220;at&#8220;cameratavocale.de Um sich f\u00fcr unseren Newsletter mit aktuellen Konzertank\u00fcndigungen anzumelden, schicken Sie bitte eine eMail an [&hellip;]\" \/>\n<meta property=\"og:url\" content=\"https:\/\/www.cameratavocale.de\/wordpress\/kontakt\/\" \/>\n<meta property=\"og:site_name\" content=\"camerata vocale\" \/>\n<meta property=\"article:modified_time\" content=\"2025-06-24T20:06:10+00:00\" \/>\n<meta property=\"og:image\" content=\"https:\/\/www.cameratavocale.de\/wordpress\/wp-content\/uploads\/2019\/08\/IMG_2290.jpg\" \/>\n\t<meta property=\"og:image:width\" content=\"1600\" \/>\n\t<meta property=\"og:image:height\" content=\"1067\" \/>\n<meta name=\"twitter:card\" content=\"summary_large_image\" \/>\n<meta name=\"twitter:label1\" content=\"Verfasst von\">\n\t<meta name=\"twitter:data1\" content=\"admin\">\n\t<meta name=\"twitter:label2\" content=\"Gesch\u00e4tzte Lesezeit\">\n\t<meta name=\"twitter:data2\" content=\"1 Minute\">\n<script type=\"application\/ld+json\" class=\"yoast-schema-graph\">{\"@context\":\"https:\/\/schema.org\",\"@graph\":[{\"@type\":\"Organization\",\"@id\":\"https:\/\/www.cameratavocale.de\/wordpress\/#organization\",\"name\":\"camerata vocale e.V.\",\"url\":\"https:\/\/www.cameratavocale.de\/wordpress\/\",\"sameAs\":[],\"logo\":{\"@type\":\"ImageObject\",\"@id\":\"https:\/\/www.cameratavocale.de\/wordpress\/#logo\",\"inLanguage\":\"de-DE\",\"url\":\"https:\/\/www.cameratavocale.de\/wordpress\/wp-content\/uploads\/2019\/08\/Logo_neu_anja2-1.png\",\"width\":1000,\"height\":304,\"caption\":\"camerata vocale e.V.\"},\"image\":{\"@id\":\"https:\/\/www.cameratavocale.de\/wordpress\/#logo\"}},{\"@type\":\"WebSite\",\"@id\":\"https:\/\/www.cameratavocale.de\/wordpress\/#website\",\"url\":\"https:\/\/www.cameratavocale.de\/wordpress\/\",\"name\":\"camerata vocale\",\"description\":\"Geistliche und weltliche Werke der Chorliteratur\",\"publisher\":{\"@id\":\"https:\/\/www.cameratavocale.de\/wordpress\/#organization\"},\"potentialAction\":[{\"@type\":\"SearchAction\",\"target\":\"https:\/\/www.cameratavocale.de\/wordpress\/?s={search_term_string}\",\"query-input\":\"required name=search_term_string\"}],\"inLanguage\":\"de-DE\"},{\"@type\":\"ImageObject\",\"@id\":\"https:\/\/www.cameratavocale.de\/wordpress\/kontakt\/#primaryimage\",\"inLanguage\":\"de-DE\",\"url\":\"https:\/\/www.cameratavocale.de\/wordpress\/wp-content\/uploads\/2019\/08\/IMG_2290.jpg\",\"width\":1600,\"height\":1067},{\"@type\":\"WebPage\",\"@id\":\"https:\/\/www.cameratavocale.de\/wordpress\/kontakt\/#webpage\",\"url\":\"https:\/\/www.cameratavocale.de\/wordpress\/kontakt\/\",\"name\":\"Kontakt - camerata vocale\",\"isPartOf\":{\"@id\":\"https:\/\/www.cameratavocale.de\/wordpress\/#website\"},\"primaryImageOfPage\":{\"@id\":\"https:\/\/www.cameratavocale.de\/wordpress\/kontakt\/#primaryimage\"},\"datePublished\":\"2011-03-06T22:31:40+00:00\",\"dateModified\":\"2025-06-24T20:06:10+00:00\",\"inLanguage\":\"de-DE\",\"potentialAction\":[{\"@type\":\"ReadAction\",\"target\":[\"https:\/\/www.cameratavocale.de\/wordpress\/kontakt\/\"]}]}]}<\/script>\n<!-- \/ Yoast SEO plugin. -->","_links":{"self":[{"href":"https:\/\/www.cameratavocale.de\/wordpress\/wp-json\/wp\/v2\/pages\/13"}],"collection":[{"href":"https:\/\/www.cameratavocale.de\/wordpress\/wp-json\/wp\/v2\/pages"}],"about":[{"href":"https:\/\/www.cameratavocale.de\/wordpress\/wp-json\/wp\/v2\/types\/page"}],"author":[{"embeddable":true,"href":"https:\/\/www.cameratavocale.de\/wordpress\/wp-json\/wp\/v2\/users\/1"}],"replies":[{"embeddable":true,"href":"https:\/\/www.cameratavocale.de\/wordpress\/wp-json\/wp\/v2\/comments?post=13"}],"version-history":[{"count":35,"href":"https:\/\/www.cameratavocale.de\/wordpress\/wp-json\/wp\/v2\/pages\/13\/revisions"}],"predecessor-version":[{"id":3195,"href":"https:\/\/www.cameratavocale.de\/wordpress\/wp-json\/wp\/v2\/pages\/13\/revisions\/3195"}],"wp:featuredmedia":[{"embeddable":true,"href":"https:\/\/www.cameratavocale.de\/wordpress\/wp-json\/wp\/v2\/media\/2700"}],"wp:attachment":[{"href":"https:\/\/www.cameratavocale.de\/wordpress\/wp-json\/wp\/v2\/media?parent=13"}],"curies":[{"name":"wp","href":"https:\/\/api.w.org\/{rel}","templated":true}]}}