{"id":112,"date":"2011-03-07T23:47:54","date_gmt":"2011-03-07T22:47:54","guid":{"rendered":"http:\/\/church.netstudio.co.za\/?page_id=112"},"modified":"2026-04-18T20:44:45","modified_gmt":"2026-04-18T18:44:45","slug":"portrait-des-chores","status":"publish","type":"page","link":"https:\/\/www.cameratavocale.de\/wordpress\/portrait-des-chores\/","title":{"rendered":"Der Chor"},"content":{"rendered":"<p style=\"text-align: justify;\">Die camerata vocale G\u00fcnzburg wurde 1987 von ihrem Dirigenten <a href=\"https:\/\/www.cameratavocale.de\/wordpress\/?page_id=1283\">J\u00fcrgen Rettenmaier<\/a> gegr\u00fcndet. Ihr Ziel ist es, sowohl geistliche als auch weltliche Werke der Chorliteratur zum Vortrag zu bringen. Die zur Zeit ca. 25 S\u00e4ngerinnen und S\u00e4nger erarbeiten an acht bis zehn Wochenenden im Jahr bis zu drei Konzertprojekte.<a href=\"https:\/\/www.cameratavocale.de\/portrait\/camerata-singt-im-kaisersaal\/\" rel=\"attachment wp-att-2130\"><img loading=\"lazy\" width=\"600\" height=\"400\" class=\"aligncenter size-thumbnail wp-image-2130\" title=\"camerata singt im Kaisersaal\" src=\"https:\/\/www.cameratavocale.de\/wordpress\/wp-content\/uploads\/2011\/03\/camerata-singt-im-Kaisersaal-600x400.jpg\" alt=\"camerata vocale im Kaisersaal des Klosters Wettenhausen\" srcset=\"https:\/\/www.cameratavocale.de\/wordpress\/wp-content\/uploads\/2011\/03\/camerata-singt-im-Kaisersaal-600x400.jpg 600w, https:\/\/www.cameratavocale.de\/wordpress\/wp-content\/uploads\/2011\/03\/camerata-singt-im-Kaisersaal-1000x667.jpg 1000w, https:\/\/www.cameratavocale.de\/wordpress\/wp-content\/uploads\/2011\/03\/camerata-singt-im-Kaisersaal-768x512.jpg 768w, https:\/\/www.cameratavocale.de\/wordpress\/wp-content\/uploads\/2011\/03\/camerata-singt-im-Kaisersaal-1536x1024.jpg 1536w, https:\/\/www.cameratavocale.de\/wordpress\/wp-content\/uploads\/2011\/03\/camerata-singt-im-Kaisersaal-800x533.jpg 800w, https:\/\/www.cameratavocale.de\/wordpress\/wp-content\/uploads\/2011\/03\/camerata-singt-im-Kaisersaal.jpg 1996w\" sizes=\"(max-width: 600px) 100vw, 600px\" \/><\/a><\/p>\n<p style=\"text-align: justify;\">Die tempor\u00e4re Probenweise erlaubt die Mitwirkung von S\u00e4ngern aus einem weiten Einzugsgebiet. Die erarbeiteten Programme werden \u00fcberwiegend im bayerisch-schw\u00e4bischen Raum aufgef\u00fchrt.<\/p>\n<p style=\"text-align: justify;\">Konzertreisen f\u00fchrten den Chor aber schon mehrfach \u00fcber die Landesgrenzen hinaus, so 1991 nach Budapest, 1992 zum Kammerchorfestival nach P\u00e9cs (Ungarn), 1993 zu einer Konzerttournee durch Spanien, 1996 mit der &#8222;Doppelch\u00f6rigen Messe&#8220; von Frank Martin in dessen Alterssitz nach Haarlem (Amsterdam), 2001 nach Gatchina (St. Petersburg) und im September 2007 mit einer als Live-Mitschnitt aufgenommenen Doppel-CD mit der &#8222;Marienvesper&#8220; von Claudio Monteverdi im Gep\u00e4ck zu Papst Benedikt XVI. nach Rom. Dort wurde dem Chor, insbesondere der damaligen Vorsitzenden der camerata vocale, Elisabeth Lutz, die gro\u00dfe Ehre zuteil, dem Heiligen Vater anl\u00e4sslich seines 80. Geburtstags die pr\u00e4chtig gelungene &#8222;Marienvesper&#8220; bei der Generalaudienz auf dem Petersplatz am 05. September 2007 pers\u00f6nlich zu \u00fcberreichen.<\/p>\n<p style=\"text-align: justify;\">Auch im Juni 2015 f\u00fchrten die Wege der camerata vocale nach Rom, dieses Mal in Begleitung der Chorschule des St. Thomasgymnasiums Wettenhausen, des Schulchores des Liceu Montanari aus Verona und der Stadtkapelle G\u00fcnzburg e.V., um auf Einladung des Priesterseminars am Campo Santo die Fronleichnamsprozession in den Vatikanischen G\u00e4rten musikalisch zu umrahmen. Daneben gestaltete der Chor weitere Gottesdienste und Konzerte, u.a. in Santa Maria di Trastevere und St. Maria dell\u00b4Anima, der Kirche der deutschen Gemeinde in Rom.<\/p>\n<p><a href=\"https:\/\/www.cameratavocale.de\/zuruck-von-unserer-konzertreise-nach-rom\/p1000273-3\/\" rel=\"attachment wp-att-2097\"><img loading=\"lazy\" class=\" wp-image-2097\" title=\"Die S\u00e4ngerInnen aller beteiligten Ch\u00f6re in Rom 2015 (in der Kirche St. Maria dell\u00b4Anima)\" src=\"https:\/\/www.cameratavocale.de\/wordpress\/wp-content\/uploads\/2015\/06\/P10002732-600x374.jpg\" alt=\"\" width=\"541\" height=\"337\" srcset=\"https:\/\/www.cameratavocale.de\/wordpress\/wp-content\/uploads\/2015\/06\/P10002732-600x374.jpg 600w, https:\/\/www.cameratavocale.de\/wordpress\/wp-content\/uploads\/2015\/06\/P10002732-1000x625.jpg 1000w, https:\/\/www.cameratavocale.de\/wordpress\/wp-content\/uploads\/2015\/06\/P10002732-2000x1250.jpg 2000w, https:\/\/www.cameratavocale.de\/wordpress\/wp-content\/uploads\/2015\/06\/P10002732-768x480.jpg 768w, https:\/\/www.cameratavocale.de\/wordpress\/wp-content\/uploads\/2015\/06\/P10002732-1536x960.jpg 1536w, https:\/\/www.cameratavocale.de\/wordpress\/wp-content\/uploads\/2015\/06\/P10002732-2048x1280.jpg 2048w, https:\/\/www.cameratavocale.de\/wordpress\/wp-content\/uploads\/2015\/06\/P10002732-800x499.jpg 800w\" sizes=\"(max-width: 541px) 100vw, 541px\" \/><\/a><\/p>\n<p>Die S\u00e4ngerInnen aller beteiligten Ch\u00f6re in Rom 2015 (in der Kirche St. Maria dell\u00b4Anima)<\/p>\n<p style=\"text-align: justify;\">Seit 1988 beteiligt sich das Ensemble regelm\u00e4\u00dfig an der Konzertreihe des Landkreises G\u00fcnzburg &#8222;Musikalischer Fr\u00fchling im Schw\u00e4bischen Barockwinkel&#8220; mit gefragten Darbietungen von der Renaissance bis zum 20. Jahrhundert.<\/p>\n<p style=\"text-align: justify;\">Vor allem romantische Kompositionen von Bruckner, Brahms, Mendelssohn und Reger, aber auch zeitgen\u00f6ssische Musik wie die Messe f\u00fcr zwei vierstimmige Ch\u00f6re von Frank Martin, Durufl\u00e9s &#8222;Requiem&#8220; und Ligetis &#8222;Lux aeterna&#8220; geh\u00f6ren zum Repertoire der camerata vocale, ebenso wie die Hauptwerke Hugo Distlers, die &#8222;Weihnachtsgeschichte&#8220; und der &#8222;Totentanz&#8220;.<\/p>\n<p><a href=\"https:\/\/www.cameratavocale.de\/portrait\/img_8801_1339x892\/\" rel=\"attachment wp-att-2133\"><img loading=\"lazy\" class=\" wp-image-2133\" title=\"Soli, Chor und Orchester bei H\u00e4ndels &quot;Alexanderfest&quot; (2012)\" src=\"https:\/\/www.cameratavocale.de\/wordpress\/wp-content\/uploads\/2011\/03\/IMG_8801_1339x892-600x399.jpg\" alt=\"\" width=\"561\" height=\"373\" srcset=\"https:\/\/www.cameratavocale.de\/wordpress\/wp-content\/uploads\/2011\/03\/IMG_8801_1339x892-600x399.jpg 600w, https:\/\/www.cameratavocale.de\/wordpress\/wp-content\/uploads\/2011\/03\/IMG_8801_1339x892-1000x666.jpg 1000w, https:\/\/www.cameratavocale.de\/wordpress\/wp-content\/uploads\/2011\/03\/IMG_8801_1339x892-768x512.jpg 768w, https:\/\/www.cameratavocale.de\/wordpress\/wp-content\/uploads\/2011\/03\/IMG_8801_1339x892-800x532.jpg 800w, https:\/\/www.cameratavocale.de\/wordpress\/wp-content\/uploads\/2011\/03\/IMG_8801_1339x892.jpg 1339w\" sizes=\"(max-width: 561px) 100vw, 561px\" \/><\/a> Soli, Chor und Orchester bei H\u00e4ndels &#8222;Alexanderfest&#8220; (2012)<\/p>\n<p style=\"text-align: justify;\">Ein besonderes Anliegen des Chores ist es, auch selten zu h\u00f6rende oder g\u00e4nzlich unbekannte Werke zur Auff\u00fchrung zu bringen. Ein bedeutender H\u00f6hepunkt im Rahmen dieser Projekte war die erstmalige Wiederauff\u00fchrung der Missa solemnis in C von Ignaz Holzbauer beim internationalen Mozart-Kongress 1991 in Mannheim. Die 1994 zusammen mit der Chorschule des St. Thomasgymnasiums Wettenhausen in Jettingen und Kempten erstmals wieder zu Geh\u00f6r gebrachte Missa a due chori von Johann Ernst Eberlin und das Kemtener Te Deum von Franz Xaver Richter weckten das Interesse des Bayerischen Rundfunks, mit dem die beiden Werke im Juni 1995 als Welt &#8211; Ersteinspielung produziert werden konnten (Erschienen im Carus Verlag, CV 83.137).<\/p>\n<p style=\"text-align: justify;\">In erneuter Zusammenarbeit mit dem Bayerischen Rundfunk und dem Carus-Verlag Stuttgart entstand im Sommer 1998 eine weitere CD mit der 1991 wiederaufgef\u00fchrten Missa solemnis in C von Ignaz Holzbauer und den Geistlichen Hymnen nach den Ch\u00f6ren aus der Schauspielmusik zu Thamos, K\u00f6nig in \u00c4gypten von Wolfgang Amadeus Mozart (CV 83.141).<\/p>\n<p style=\"text-align: justify;\"><a href=\"https:\/\/www.cameratavocale.de\/portrait\/cvgz_pressebild1\/\" rel=\"attachment wp-att-2131\"><img loading=\"lazy\" class=\"aligncenter  wp-image-2131\" title=\"cvgz_Pressebild1\" src=\"https:\/\/www.cameratavocale.de\/wordpress\/wp-content\/uploads\/2011\/03\/cvgz_Pressebild1-600x400.jpg\" alt=\"camerata vocale im Kaisersaal des Klosters in Wettenhausen\" width=\"540\" height=\"359\" srcset=\"https:\/\/www.cameratavocale.de\/wordpress\/wp-content\/uploads\/2011\/03\/cvgz_Pressebild1-600x400.jpg 600w, https:\/\/www.cameratavocale.de\/wordpress\/wp-content\/uploads\/2011\/03\/cvgz_Pressebild1-1000x667.jpg 1000w, https:\/\/www.cameratavocale.de\/wordpress\/wp-content\/uploads\/2011\/03\/cvgz_Pressebild1-768x512.jpg 768w, https:\/\/www.cameratavocale.de\/wordpress\/wp-content\/uploads\/2011\/03\/cvgz_Pressebild1-1536x1024.jpg 1536w, https:\/\/www.cameratavocale.de\/wordpress\/wp-content\/uploads\/2011\/03\/cvgz_Pressebild1-800x533.jpg 800w, https:\/\/www.cameratavocale.de\/wordpress\/wp-content\/uploads\/2011\/03\/cvgz_Pressebild1.jpg 1996w\" sizes=\"(max-width: 540px) 100vw, 540px\" \/><\/a><\/p>\n<p style=\"text-align: justify;\">Diese Tradition setzte der Chor im Laufe des Jahres 2002 fort und produzierte zusammen mit dem BR und dem Carus Verlag eine weitere Wiederauff\u00fchrung in unserer Zeit und zugleich eine Welt &#8211; Ersteinspielung mit der Missa Nr. 34 in C und dem Requiem Nr. 8 in C von Johann Ernst Eberlin anl\u00e4\u00dflich seines 300. Geburtstages (CV 27.041\/99).<\/p>\n<p style=\"text-align: justify;\">Zur Ehre Eberlins, dem fr\u00fcheren Salzburger Domkapellmeister, wurde die Missa Nr. 34 in C auf Einladung des derzeitigen Salzburger Domkapellmeisters Janosch Czifra im Rahmen eines Festgottesdienstes am 01. Juni 2002 als Salzburger Erstauff\u00fchrung dem Publikum vorgestellt.<\/p>\n<p style=\"text-align: justify;\">Mit ihren drei Welt-Ersteinspielungen wieder entdeckter Werke von W.A.Mozart, Ignaz Holzbauer, Franz-Xaver Richter und Johann Ernst Eberlin hat sich das Vocalensemble in Zusammenarbeit mit dem Bayerischen Rundfunk und dem Carus-Verlag auf dem Tontr\u00e4germarkt nachhaltig empfohlen. Ausschnitte aus diesen Aufnahmen geh\u00f6ren zum regelm\u00e4\u00dfigen Repertoire der Klassik-Rundfunkprogramme.<\/p>\n<p style=\"text-align: justify;\"><a href=\"https:\/\/www.cameratavocale.de\/portrait\/cvgz_pressebild5\/\" rel=\"attachment wp-att-2132\"><img loading=\"lazy\" class=\"aligncenter  wp-image-2132\" title=\"cvgz_Pressebild5\" src=\"https:\/\/www.cameratavocale.de\/wordpress\/wp-content\/uploads\/2011\/03\/cvgz_Pressebild5-600x400.jpg\" alt=\"camerata vocale G\u00fcnzburg\" width=\"528\" height=\"351\" srcset=\"https:\/\/www.cameratavocale.de\/wordpress\/wp-content\/uploads\/2011\/03\/cvgz_Pressebild5-600x400.jpg 600w, https:\/\/www.cameratavocale.de\/wordpress\/wp-content\/uploads\/2011\/03\/cvgz_Pressebild5-1000x667.jpg 1000w, https:\/\/www.cameratavocale.de\/wordpress\/wp-content\/uploads\/2011\/03\/cvgz_Pressebild5-768x512.jpg 768w, https:\/\/www.cameratavocale.de\/wordpress\/wp-content\/uploads\/2011\/03\/cvgz_Pressebild5-1536x1024.jpg 1536w, https:\/\/www.cameratavocale.de\/wordpress\/wp-content\/uploads\/2011\/03\/cvgz_Pressebild5-800x533.jpg 800w, https:\/\/www.cameratavocale.de\/wordpress\/wp-content\/uploads\/2011\/03\/cvgz_Pressebild5.jpg 1996w\" sizes=\"(max-width: 528px) 100vw, 528px\" \/><\/a><\/p>\n\n\n<p><\/p>\n","protected":false},"excerpt":{"rendered":"<p>Die camerata vocale G\u00fcnzburg wurde 1987 von ihrem Dirigenten J\u00fcrgen Rettenmaier gegr\u00fcndet. Ihr Ziel ist es, sowohl geistliche als auch weltliche Werke der Chorliteratur zum Vortrag zu bringen. Die zur Zeit ca. 25 S\u00e4ngerinnen und S\u00e4nger erarbeiten an acht bis zehn Wochenenden im Jahr bis zu drei Konzertprojekte. Die tempor\u00e4re Probenweise erlaubt die Mitwirkung von [&hellip;]<\/p>\n","protected":false},"author":1,"featured_media":2547,"parent":0,"menu_order":0,"comment_status":"closed","ping_status":"closed","template":"","meta":{"ngg_post_thumbnail":0},"yoast_head":"<!-- This site is optimized with the Yoast SEO plugin v15.4 - https:\/\/yoast.com\/wordpress\/plugins\/seo\/ -->\n<title>Der Chor - camerata vocale<\/title>\n<meta name=\"robots\" content=\"index, follow, max-snippet:-1, max-image-preview:large, max-video-preview:-1\" \/>\n<link rel=\"canonical\" href=\"https:\/\/www.cameratavocale.de\/wordpress\/portrait-des-chores\/\" \/>\n<meta property=\"og:locale\" content=\"de_DE\" \/>\n<meta property=\"og:type\" content=\"article\" \/>\n<meta property=\"og:title\" content=\"Der Chor - camerata vocale\" \/>\n<meta property=\"og:description\" content=\"Die camerata vocale G\u00fcnzburg wurde 1987 von ihrem Dirigenten J\u00fcrgen Rettenmaier gegr\u00fcndet. Ihr Ziel ist es, sowohl geistliche als auch weltliche Werke der Chorliteratur zum Vortrag zu bringen. Die zur Zeit ca. 25 S\u00e4ngerinnen und S\u00e4nger erarbeiten an acht bis zehn Wochenenden im Jahr bis zu drei Konzertprojekte. Die tempor\u00e4re Probenweise erlaubt die Mitwirkung von [&hellip;]\" \/>\n<meta property=\"og:url\" content=\"https:\/\/www.cameratavocale.de\/wordpress\/portrait-des-chores\/\" \/>\n<meta property=\"og:site_name\" content=\"camerata vocale\" \/>\n<meta property=\"article:modified_time\" content=\"2026-04-18T18:44:45+00:00\" \/>\n<meta property=\"og:image\" content=\"https:\/\/www.cameratavocale.de\/wordpress\/wp-content\/uploads\/2019\/06\/IMG_2205.jpg\" \/>\n\t<meta property=\"og:image:width\" content=\"1600\" \/>\n\t<meta property=\"og:image:height\" content=\"1067\" \/>\n<meta name=\"twitter:card\" content=\"summary_large_image\" \/>\n<meta name=\"twitter:label1\" content=\"Verfasst von\">\n\t<meta name=\"twitter:data1\" content=\"admin\">\n\t<meta name=\"twitter:label2\" content=\"Gesch\u00e4tzte Lesezeit\">\n\t<meta name=\"twitter:data2\" content=\"3 Minuten\">\n<script type=\"application\/ld+json\" class=\"yoast-schema-graph\">{\"@context\":\"https:\/\/schema.org\",\"@graph\":[{\"@type\":\"Organization\",\"@id\":\"https:\/\/www.cameratavocale.de\/wordpress\/#organization\",\"name\":\"camerata vocale e.V.\",\"url\":\"https:\/\/www.cameratavocale.de\/wordpress\/\",\"sameAs\":[],\"logo\":{\"@type\":\"ImageObject\",\"@id\":\"https:\/\/www.cameratavocale.de\/wordpress\/#logo\",\"inLanguage\":\"de-DE\",\"url\":\"https:\/\/www.cameratavocale.de\/wordpress\/wp-content\/uploads\/2019\/08\/Logo_neu_anja2-1.png\",\"width\":1000,\"height\":304,\"caption\":\"camerata vocale e.V.\"},\"image\":{\"@id\":\"https:\/\/www.cameratavocale.de\/wordpress\/#logo\"}},{\"@type\":\"WebSite\",\"@id\":\"https:\/\/www.cameratavocale.de\/wordpress\/#website\",\"url\":\"https:\/\/www.cameratavocale.de\/wordpress\/\",\"name\":\"camerata vocale\",\"description\":\"Geistliche und weltliche Werke der Chorliteratur\",\"publisher\":{\"@id\":\"https:\/\/www.cameratavocale.de\/wordpress\/#organization\"},\"potentialAction\":[{\"@type\":\"SearchAction\",\"target\":\"https:\/\/www.cameratavocale.de\/wordpress\/?s={search_term_string}\",\"query-input\":\"required name=search_term_string\"}],\"inLanguage\":\"de-DE\"},{\"@type\":\"ImageObject\",\"@id\":\"https:\/\/www.cameratavocale.de\/wordpress\/portrait-des-chores\/#primaryimage\",\"inLanguage\":\"de-DE\",\"url\":\"https:\/\/www.cameratavocale.de\/wordpress\/wp-content\/uploads\/2019\/06\/IMG_2205.jpg\",\"width\":1600,\"height\":1067},{\"@type\":\"WebPage\",\"@id\":\"https:\/\/www.cameratavocale.de\/wordpress\/portrait-des-chores\/#webpage\",\"url\":\"https:\/\/www.cameratavocale.de\/wordpress\/portrait-des-chores\/\",\"name\":\"Der Chor - camerata vocale\",\"isPartOf\":{\"@id\":\"https:\/\/www.cameratavocale.de\/wordpress\/#website\"},\"primaryImageOfPage\":{\"@id\":\"https:\/\/www.cameratavocale.de\/wordpress\/portrait-des-chores\/#primaryimage\"},\"datePublished\":\"2011-03-07T22:47:54+00:00\",\"dateModified\":\"2026-04-18T18:44:45+00:00\",\"inLanguage\":\"de-DE\",\"potentialAction\":[{\"@type\":\"ReadAction\",\"target\":[\"https:\/\/www.cameratavocale.de\/wordpress\/portrait-des-chores\/\"]}]}]}<\/script>\n<!-- \/ Yoast SEO plugin. -->","_links":{"self":[{"href":"https:\/\/www.cameratavocale.de\/wordpress\/wp-json\/wp\/v2\/pages\/112"}],"collection":[{"href":"https:\/\/www.cameratavocale.de\/wordpress\/wp-json\/wp\/v2\/pages"}],"about":[{"href":"https:\/\/www.cameratavocale.de\/wordpress\/wp-json\/wp\/v2\/types\/page"}],"author":[{"embeddable":true,"href":"https:\/\/www.cameratavocale.de\/wordpress\/wp-json\/wp\/v2\/users\/1"}],"replies":[{"embeddable":true,"href":"https:\/\/www.cameratavocale.de\/wordpress\/wp-json\/wp\/v2\/comments?post=112"}],"version-history":[{"count":58,"href":"https:\/\/www.cameratavocale.de\/wordpress\/wp-json\/wp\/v2\/pages\/112\/revisions"}],"predecessor-version":[{"id":2894,"href":"https:\/\/www.cameratavocale.de\/wordpress\/wp-json\/wp\/v2\/pages\/112\/revisions\/2894"}],"wp:featuredmedia":[{"embeddable":true,"href":"https:\/\/www.cameratavocale.de\/wordpress\/wp-json\/wp\/v2\/media\/2547"}],"wp:attachment":[{"href":"https:\/\/www.cameratavocale.de\/wordpress\/wp-json\/wp\/v2\/media?parent=112"}],"curies":[{"name":"wp","href":"https:\/\/api.w.org\/{rel}","templated":true}]}}